{"id":98914,"date":"2025-04-08T23:09:33","date_gmt":"2025-04-08T16:09:33","guid":{"rendered":"https:\/\/stag-live.tcbs.com.vn\/investment-banking\/tu-van-phat-hanh-trai-phieu\/"},"modified":"2025-10-14T23:31:41","modified_gmt":"2025-10-15T06:31:41","slug":"tu-van-phat-hanh-trai-phieu","status":"publish","type":"page","link":"https:\/\/www.tcbs.com.vn\/en\/investment-banking\/tu-van-phat-hanh-trai-phieu\/","title":{"rendered":"T\u01b0 v\u1ea5n ph\u00e1t h\u00e0nh tr\u00e1i phi\u1ebfu"},"content":{"rendered":"\n<div class=\"wp-block-group navigation_sub has-global-padding is-layout-constrained wp-container-core-group-is-layout-c5903013 wp-block-group-is-layout-constrained\" style=\"padding-right:0px;padding-left:0px\">\n<div class=\"wp-block-group mobile-menu has-global-padding is-layout-constrained wp-container-core-group-is-layout-c5903013 wp-block-group-is-layout-constrained\" style=\"padding-right:0px;padding-left:0px\">\n<div class=\"wp-block-group has-global-padding is-layout-constrained wp-container-core-group-is-layout-c5903013 wp-block-group-is-layout-constrained\" style=\"padding-right:0px;padding-left:0px\">\n<div class=\"wp-block-group tcbs-block tcbs-login-block has-global-padding is-layout-constrained wp-container-core-group-is-layout-a77f93aa wp-block-group-is-layout-constrained\" style=\"padding-top:10px;padding-right:10px;padding-bottom:10px;padding-left:10px\">\n<div class=\"wp-block-group is-content-justification-space-between is-nowrap is-layout-flex wp-container-core-group-is-layout-96cd8597 wp-block-group-is-layout-flex\" style=\"padding-top:10px;padding-right:10px;padding-bottom:10px;padding-left:10px\">\n<div class=\"wp-block-buttons tcbs-login-btn is-layout-flex wp-block-buttons-is-layout-flex\">\n<div class=\"wp-block-button\"><a class=\"wp-block-button__link has-background wp-element-button\" href=\"https:\/\/tcinvest.tcbs.com.vn\/guest\/login?returnUrl=%2Fhome\" style=\"background-color:#04153b\" target=\"_blank\" rel=\"noopener\">\u0110\u0103ng nh\u1eadp<\/a><\/div>\n<\/div>\n\n\n\n<div class=\"wp-block-buttons tcbs-register-btn is-layout-flex wp-block-buttons-is-layout-flex\">\n<div class=\"wp-block-button\"><a class=\"wp-block-button__link has-background wp-element-button\" href=\"https:\/\/tcinvest.tcbs.com.vn\/guest\/login?returnUrl=%2Fhome&amp;openAccount=true&amp;utm_campaign=newhelp&amp;utm_source=help&amp;utm_medium=button&amp;utm_content=btn-motaikhoan\" style=\"background-color:#c10829\" target=\"_blank\" rel=\"noopener\">M\u1edf t\u00e0i kho\u1ea3n<\/a><\/div>\n<\/div>\n<\/div>\n<\/div>\n<\/div>\n\n\n\n<div class=\"wp-block-columns mobile-main-nav mobile-xl tcbs-block is-layout-flex wp-container-core-columns-is-layout-28f84493 wp-block-columns-is-layout-flex\">\n<div class=\"wp-block-column has-global-padding is-layout-constrained wp-container-core-column-is-layout-12243e0f wp-block-column-is-layout-constrained\">\n<div class=\"wp-block-columns has-base-color has-base-background-color has-text-color has-background has-link-color wp-elements-7afaff0952a4d0cdc78c765d98b50b35 is-layout-flex wp-container-core-columns-is-layout-f797ce4c wp-block-columns-is-layout-flex\" style=\"margin-top:0;margin-bottom:0;padding-top:0px;padding-right:0;padding-bottom:0px;padding-left:0\">\n<div class=\"wp-block-column has-global-padding is-layout-constrained wp-container-core-column-is-layout-f973b3cf wp-block-column-is-layout-constrained\" style=\"padding-top:0px;padding-right:0px;padding-bottom:0px;padding-left:0px\">\n<div class=\"wp-block-columns tcbs-nav-menu has-background is-layout-flex wp-container-core-columns-is-layout-e803c0d8 wp-block-columns-is-layout-flex\" style=\"background-color:#f5f6f8;padding-top:0px;padding-right:0px;padding-bottom:0px;padding-left:0px\">\n<div class=\"wp-block-column is-layout-flow wp-block-column-is-layout-flow\">\n<div class=\"wp-block-columns is-layout-flex wp-container-core-columns-is-layout-e0e4babd wp-block-columns-is-layout-flex\" style=\"padding-right:0;padding-left:0\">\n<div class=\"wp-block-column tcbs-nav-left-menu is-layout-flow wp-block-column-is-layout-flow\" style=\"flex-basis:20%\"><div id=\"mega-menu-wrap-max_mega_menu_1\" class=\"mega-menu-wrap\"><div class=\"mega-menu-toggle\"><div class=\"mega-toggle-blocks-left\"><\/div><div class=\"mega-toggle-blocks-center\"><\/div><div class=\"mega-toggle-blocks-right\"><div class='mega-toggle-block mega-menu-toggle-animated-block mega-toggle-block-0' id='mega-toggle-block-0'><button aria-label=\"Toggle Menu\" class=\"mega-toggle-animated mega-toggle-animated-slider\" type=\"button\" aria-expanded=\"false\">\n                  <span class=\"mega-toggle-animated-box\">\n                    <span class=\"mega-toggle-animated-inner\"><\/span>\n                  <\/span>\n                <\/button><\/div><\/div><\/div><ul id=\"mega-menu-max_mega_menu_1\" class=\"mega-menu max-mega-menu mega-menu-horizontal mega-no-js\" data-event=\"click\" data-effect=\"slide_up\" data-effect-speed=\"200\" data-effect-mobile=\"disabled\" data-effect-speed-mobile=\"0\" data-mobile-force-width=\"false\" data-second-click=\"close\" data-document-click=\"collapse\" data-vertical-behaviour=\"accordion\" data-breakpoint=\"1024\" data-unbind=\"true\" data-mobile-state=\"collapse_all\" data-mobile-direction=\"vertical\" data-hover-intent-timeout=\"300\" data-hover-intent-interval=\"100\" data-overlay-desktop=\"false\" data-overlay-mobile=\"false\"><li class=\"mega-menu-item mega-menu-item-type-custom mega-menu-item-object-custom mega-menu-item-has-children mega-align-bottom-left mega-menu-flyout mega-hide-text mega-disable-link mega-menu-item-688\" id=\"mega-menu-item-688\"><a class=\"mega-menu-link\" tabindex=\"0\" aria-expanded=\"false\" role=\"button\" aria-label=\"Trang ch\u1ee7\"><span class=\"mega-indicator\" aria-hidden=\"true\"><\/span><\/a>\n<ul class=\"mega-sub-menu\">\n<li class=\"mega-menu-item mega-menu-item-type-post_type mega-menu-item-object-page mega-menu-item-93225\" id=\"mega-menu-item-93225\"><a class=\"mega-menu-link\" href=\"https:\/\/www.tcbs.com.vn\/ve-chung-toi\/\">V\u1ec1 ch\u00fang t\u00f4i<\/a><\/li><li class=\"mega-menu-item mega-menu-item-type-post_type mega-menu-item-object-page mega-menu-item-92043\" id=\"mega-menu-item-92043\"><a class=\"mega-menu-link\" href=\"https:\/\/www.tcbs.com.vn\/ca-nhan\/\">C\u00e1 nh\u00e2n<\/a><\/li><li class=\"mega-menu-item mega-menu-item-type-post_type mega-menu-item-object-page mega-menu-item-93222\" id=\"mega-menu-item-93222\"><a class=\"mega-menu-link\" href=\"https:\/\/www.tcbs.com.vn\/doanh-nghiep\/\">Doanh nghi\u1ec7p<\/a><\/li><li class=\"mega-menu-item mega-menu-item-type-post_type mega-menu-item-object-page mega-menu-item-93224\" id=\"mega-menu-item-93224\"><a class=\"mega-menu-link\" href=\"https:\/\/www.tcbs.com.vn\/nha-dau-tu\/\">Nh\u00e0 \u0111\u1ea7u t\u01b0<\/a><\/li><li class=\"mega-menu-item mega-menu-item-type-post_type mega-menu-item-object-page mega-menu-item-93223\" id=\"mega-menu-item-93223\"><a class=\"mega-menu-link\" href=\"https:\/\/www.tcbs.com.vn\/ngan-hang-dau-tu\/\">Ng\u00e2n h\u00e0ng \u0111\u1ea7u t\u01b0<\/a><\/li><\/ul>\n<\/li><\/ul><\/div><\/div>\n\n\n\n<div class=\"wp-block-column tcbs-nav-right-menu has-global-padding is-content-justification-right is-layout-constrained wp-container-core-column-is-layout-4059328c wp-block-column-is-layout-constrained\" style=\"padding-top:5px;padding-right:0px;padding-bottom:5px;padding-left:0px;flex-basis:80%\">\n<div class=\"wp-block-group tcbs-block tcbs-non-gap is-content-justification-right is-layout-flex wp-container-core-group-is-layout-0c0c9e10 wp-block-group-is-layout-flex\"><div id=\"mega-menu-wrap-max_mega_menu_10\" class=\"mega-menu-wrap\"><div class=\"mega-menu-toggle\"><div class=\"mega-toggle-blocks-left\"><\/div><div class=\"mega-toggle-blocks-center\"><\/div><div class=\"mega-toggle-blocks-right\"><div class='mega-toggle-block mega-menu-toggle-animated-block mega-toggle-block-0' id='mega-toggle-block-0'><button aria-label=\"Toggle Menu\" class=\"mega-toggle-animated mega-toggle-animated-slider\" type=\"button\" aria-expanded=\"false\">\n                  <span class=\"mega-toggle-animated-box\">\n                    <span class=\"mega-toggle-animated-inner\"><\/span>\n                  <\/span>\n                <\/button><\/div><\/div><\/div><ul id=\"mega-menu-max_mega_menu_10\" class=\"mega-menu max-mega-menu mega-menu-horizontal mega-no-js\" data-event=\"hover_intent\" data-effect=\"fade_up\" data-effect-speed=\"200\" data-effect-mobile=\"disabled\" data-effect-speed-mobile=\"0\" data-mobile-force-width=\"false\" data-second-click=\"go\" data-document-click=\"collapse\" data-vertical-behaviour=\"standard\" data-breakpoint=\"1024\" data-unbind=\"true\" data-mobile-state=\"collapse_all\" data-mobile-direction=\"vertical\" data-hover-intent-timeout=\"300\" data-hover-intent-interval=\"100\" data-overlay-desktop=\"false\" data-overlay-mobile=\"false\"><li class=\"mega-menu-item mega-menu-item-type-custom mega-menu-item-object-custom mega-align-bottom-left mega-menu-flyout mega-hide-arrow mega-has-icon mega-icon-left mega-hide-text mega-hide-on-mobile mega-menu-item-87105\" id=\"mega-menu-item-87105\"><a class=\"search-custom-icon mega-menu-link\" href=\"#\" tabindex=\"0\" aria-label=\"T\u00ecm ki\u1ebfm\"><\/a><\/li><li class=\"mega-menu-item mega-menu-item-type-custom mega-menu-item-object-custom mega-align-bottom-left mega-menu-flyout mega-menu-item-87104\" id=\"mega-menu-item-87104\"><a class=\"mega-menu-link\" href=\"\/thong-tin\/kham-pha-chia-se\/\" tabindex=\"0\">Kh\u00e1m ph\u00e1 &#038; Chia s\u1ebb<\/a><\/li><li class=\"mega-has-bd-r mega-menu-item mega-menu-item-type-custom mega-menu-item-object-custom mega-align-bottom-left mega-menu-flyout mega-menu-item-87103 has-bd-r\" id=\"mega-menu-item-87103\"><a class=\"mega-menu-link\" href=\"https:\/\/help.tcbs.com.vn\/\" tabindex=\"0\" target=\"_blank\" rel=\"noopener\">H\u1ed7 tr\u1ee3<\/a><\/li><li class=\"mega-menu-item mega-wpml-ls-slot-58 mega-wpml-ls-item mega-wpml-ls-item-en mega-wpml-ls-current-language mega-wpml-ls-menu-item mega-wpml-ls-first-item mega-menu-item-type-wpml_ls_menu_item mega-menu-item-object-wpml_ls_menu_item mega-menu-item-has-children mega-menu-flyout mega-align-bottom-left mega-menu-flyout mega-menu-item-wpml-ls-58-en\" id=\"mega-menu-item-wpml-ls-58-en\"><a title=\"Switch to English\" class=\"mega-menu-link\" href=\"https:\/\/www.tcbs.com.vn\/en\/\" aria-expanded=\"false\" tabindex=\"0\">\n            <img decoding=\"async\"\n            class=\"wpml-ls-flag\"\n            src=\"https:\/\/www.tcbs.com.vn\/wp-content\/plugins\/sitepress-multilingual-cms\/res\/flags\/en.svg\"\n            alt=\"\"\n            \n            \n    \/><span class=\"wpml-ls-native\" lang=\"en\">English<\/span><span class=\"mega-indicator\" aria-hidden=\"true\"><\/span><\/a>\n<ul class=\"mega-sub-menu\">\n<li class=\"mega-menu-item mega-wpml-ls-slot-58 mega-wpml-ls-item mega-wpml-ls-item-vi mega-wpml-ls-menu-item mega-wpml-ls-last-item mega-menu-item-type-wpml_ls_menu_item mega-menu-item-object-wpml_ls_menu_item mega-menu-flyout mega-menu-item-wpml-ls-58-vi\" id=\"mega-menu-item-wpml-ls-58-vi\"><a title=\"Switch to Ti\u1ebfng Vi\u1ec7t\" class=\"mega-menu-link\" href=\"https:\/\/www.tcbs.com.vn\/\">\n            <img decoding=\"async\"\n            class=\"wpml-ls-flag\"\n            src=\"https:\/\/www.tcbs.com.vn\/wp-content\/plugins\/sitepress-multilingual-cms\/res\/flags\/vi.svg\"\n            alt=\"\"\n            \n            \n    \/><span class=\"wpml-ls-native\" lang=\"vi\">Ti\u1ebfng Vi\u1ec7t<\/span><\/a><\/li><\/ul>\n<\/li><\/ul><\/div>\n\n<div id=\"mega-menu-wrap-max_mega_menu_11\" class=\"mega-menu-wrap\"><div class=\"mega-menu-toggle\"><div class=\"mega-toggle-blocks-left\"><\/div><div class=\"mega-toggle-blocks-center\"><\/div><div class=\"mega-toggle-blocks-right\"><div class='mega-toggle-block mega-menu-toggle-animated-block mega-toggle-block-0' id='mega-toggle-block-0'><button aria-label=\"Toggle Menu\" class=\"mega-toggle-animated mega-toggle-animated-slider\" type=\"button\" aria-expanded=\"false\">\n                  <span class=\"mega-toggle-animated-box\">\n                    <span class=\"mega-toggle-animated-inner\"><\/span>\n                  <\/span>\n                <\/button><\/div><\/div><\/div><ul id=\"mega-menu-max_mega_menu_11\" class=\"mega-menu max-mega-menu mega-menu-horizontal mega-no-js\" data-event=\"hover_intent\" data-effect=\"fade_up\" data-effect-speed=\"200\" data-effect-mobile=\"disabled\" data-effect-speed-mobile=\"0\" data-mobile-force-width=\"false\" data-second-click=\"go\" data-document-click=\"collapse\" data-vertical-behaviour=\"standard\" data-breakpoint=\"1024\" data-unbind=\"true\" data-mobile-state=\"collapse_all\" data-mobile-direction=\"vertical\" data-hover-intent-timeout=\"300\" data-hover-intent-interval=\"100\" data-overlay-desktop=\"false\" data-overlay-mobile=\"false\"><li class=\"mega-btn-secondary mega-menu-item mega-menu-item-type-custom mega-menu-item-object-custom mega-align-bottom-left mega-menu-flyout mega-menu-item-87065 btn-secondary\" id=\"mega-menu-item-87065\"><a class=\"mega-menu-link\" href=\"https:\/\/tcinvest.tcbs.com.vn\/\" tabindex=\"0\" target=\"_blank\" rel=\"noopener\">\u0110\u0103ng nh\u1eadp<\/a><\/li><li class=\"mega-btn-primary mega-menu-item mega-menu-item-type-custom mega-menu-item-object-custom mega-align-bottom-left mega-menu-flyout mega-menu-item-87064 btn-primary\" id=\"mega-menu-item-87064\"><a class=\"mega-menu-link\" href=\"https:\/\/onboarding.tcbs.com.vn\/onboarding&#038;utm_campaign=newhelp&#038;utm_source=help&#038;utm_medium=button&#038;utm_content=btn-motaikhoan\" tabindex=\"0\" target=\"_blank\" rel=\"noopener\">M\u1edf t\u00e0i kho\u1ea3n<\/a><\/li><\/ul><\/div><\/div>\n<\/div>\n<\/div>\n<\/div>\n<\/div>\n<\/div>\n<\/div>\n<\/div>\n<\/div>\n\n\n\n<div class=\"wp-block-group alignfull tcbs-block mobile-menu-items has-global-padding is-layout-constrained wp-container-core-group-is-layout-c5903013 wp-block-group-is-layout-constrained\" style=\"padding-right:0px;padding-left:0px\">\n<div class=\"wp-block-columns navigation-secondary_menu is-layout-flex wp-container-core-columns-is-layout-00738f32 wp-block-columns-is-layout-flex\" style=\"padding-top:6px;padding-right:0px;padding-bottom:6px;padding-left:0px\">\n<div class=\"wp-block-column tcbs-nav-menu has-global-padding is-content-justification-center is-layout-constrained wp-container-core-column-is-layout-91bde7bd wp-block-column-is-layout-constrained\">\n<div class=\"wp-block-columns is-layout-flex wp-container-core-columns-is-layout-20bb992b wp-block-columns-is-layout-flex\" style=\"margin-top:0;margin-bottom:0;padding-top:0;padding-right:0;padding-bottom:0;padding-left:0\">\n<div class=\"wp-block-column tcbs-header-menu-items has-global-padding is-layout-constrained wp-container-core-column-is-layout-21c10f9e wp-block-column-is-layout-constrained\" style=\"padding-right:0px;padding-left:0px;flex-basis:1360px\"><div id=\"mega-menu-wrap-max_mega_menu_16\" class=\"mega-menu-wrap\"><div class=\"mega-menu-toggle\"><div class=\"mega-toggle-blocks-left\"><\/div><div class=\"mega-toggle-blocks-center\"><\/div><div class=\"mega-toggle-blocks-right\"><div class='mega-toggle-block mega-menu-toggle-animated-block mega-toggle-block-1' id='mega-toggle-block-1'><button aria-label=\"Toggle Menu\" class=\"mega-toggle-animated mega-toggle-animated-slider\" type=\"button\" aria-expanded=\"false\">\n                  <span class=\"mega-toggle-animated-box\">\n                    <span class=\"mega-toggle-animated-inner\"><\/span>\n                  <\/span>\n                <\/button><\/div><\/div><\/div><ul id=\"mega-menu-max_mega_menu_16\" class=\"mega-menu max-mega-menu mega-menu-horizontal mega-no-js\" data-event=\"hover_intent\" data-effect=\"fade_up\" data-effect-speed=\"200\" data-effect-mobile=\"slide_right\" data-effect-speed-mobile=\"200\" data-mobile-force-width=\"false\" data-second-click=\"go\" data-document-click=\"collapse\" data-vertical-behaviour=\"standard\" data-breakpoint=\"1024\" data-unbind=\"true\" data-mobile-state=\"collapse_all\" data-mobile-direction=\"vertical\" data-hover-intent-timeout=\"300\" data-hover-intent-interval=\"100\" data-sticky-enabled=\"true\" data-sticky-desktop=\"true\" data-sticky-mobile=\"false\" data-sticky-offset=\"0\" data-sticky-expand=\"false\" data-sticky-expand-mobile=\"false\" data-sticky-transition=\"false\" data-overlay-desktop=\"false\" data-overlay-mobile=\"false\"><li class=\"mega-menu-item mega-menu-item-type-custom mega-menu-item-object-custom mega-align-bottom-left mega-menu-flyout mega-hide-arrow mega-hide-text mega-hide-on-mobile mega-menu-item-89765\" id=\"mega-menu-item-89765\"><a class='mega-menu-link mega-menu-logo' href='\/ngan-hang-dau-tu\/'><img class='mega-menu-logo' width='232' height='25' src='https:\/\/www.tcbs.com.vn\/wp-content\/uploads\/2025\/02\/techcome-securities-232x25.png' alt='Logo Techcom Securities' srcset='https:\/\/www.tcbs.com.vn\/wp-content\/uploads\/2025\/02\/techcome-securities-464x50.png 2x' \/><\/a><\/li><li class=\"mega-menu-item mega-menu-item-type-post_type mega-menu-item-object-page mega-align-bottom-left mega-menu-flyout mega-menu-item-91475\" id=\"mega-menu-item-91475\"><a class=\"mega-menu-link\" href=\"https:\/\/www.tcbs.com.vn\/ngan-hang-dau-tu\/tu-van-phat-hanh-trai-phieu\/\" tabindex=\"0\">T\u01b0 v\u1ea5n ph\u00e1t h\u00e0nh tr\u00e1i phi\u1ebfu<\/a><\/li><li class=\"mega-menu-item mega-menu-item-type-custom mega-menu-item-object-custom mega-align-bottom-left mega-menu-flyout mega-hide-arrow mega-menu-item-89767\" id=\"mega-menu-item-89767\"><a class=\"mega-menu-link\" href=\"#\" tabindex=\"0\">T\u01b0 v\u1ea5n c\u1ea5u tr\u00fac doanh nghi\u1ec7p<\/a><\/li><\/ul><button class='mega-close' aria-label='Close'><\/button><\/div><\/div>\n<\/div>\n<\/div>\n<\/div>\n\n\n\n<div class=\"wp-block-group tcbs-block navigation-primary_right has-global-padding is-layout-constrained wp-container-core-group-is-layout-c5903013 wp-block-group-is-layout-constrained\" style=\"padding-right:0px;padding-left:0px\">\n<div class=\"wp-block-group tcbs-language-switcher has-global-padding is-layout-constrained wp-container-core-group-is-layout-12243e0f wp-block-group-is-layout-constrained\"><div id=\"mega-menu-wrap-max_mega_menu_10\" class=\"mega-menu-wrap\"><div class=\"mega-menu-toggle\"><div class=\"mega-toggle-blocks-left\"><\/div><div class=\"mega-toggle-blocks-center\"><\/div><div class=\"mega-toggle-blocks-right\"><div class='mega-toggle-block mega-menu-toggle-animated-block mega-toggle-block-0' id='mega-toggle-block-0'><button aria-label=\"Toggle Menu\" class=\"mega-toggle-animated mega-toggle-animated-slider\" type=\"button\" aria-expanded=\"false\">\n                  <span class=\"mega-toggle-animated-box\">\n                    <span class=\"mega-toggle-animated-inner\"><\/span>\n                  <\/span>\n                <\/button><\/div><\/div><\/div><ul id=\"mega-menu-max_mega_menu_10\" class=\"mega-menu max-mega-menu mega-menu-horizontal mega-no-js\" data-event=\"hover_intent\" data-effect=\"fade_up\" data-effect-speed=\"200\" data-effect-mobile=\"disabled\" data-effect-speed-mobile=\"0\" data-mobile-force-width=\"false\" data-second-click=\"go\" data-document-click=\"collapse\" data-vertical-behaviour=\"standard\" data-breakpoint=\"1024\" data-unbind=\"true\" data-mobile-state=\"collapse_all\" data-mobile-direction=\"vertical\" data-hover-intent-timeout=\"300\" data-hover-intent-interval=\"100\" data-overlay-desktop=\"false\" data-overlay-mobile=\"false\"><li class=\"mega-menu-item mega-menu-item-type-custom mega-menu-item-object-custom mega-align-bottom-left mega-menu-flyout mega-hide-arrow mega-has-icon mega-icon-left mega-hide-text mega-hide-on-mobile mega-menu-item-87105\" id=\"mega-menu-item-87105\"><a class=\"search-custom-icon mega-menu-link\" href=\"#\" tabindex=\"0\" aria-label=\"T\u00ecm ki\u1ebfm\"><\/a><\/li><li class=\"mega-menu-item mega-menu-item-type-custom mega-menu-item-object-custom mega-align-bottom-left mega-menu-flyout mega-menu-item-87104\" id=\"mega-menu-item-87104\"><a class=\"mega-menu-link\" href=\"\/thong-tin\/kham-pha-chia-se\/\" tabindex=\"0\">Kh\u00e1m ph\u00e1 &#038; Chia s\u1ebb<\/a><\/li><li class=\"mega-has-bd-r mega-menu-item mega-menu-item-type-custom mega-menu-item-object-custom mega-align-bottom-left mega-menu-flyout mega-menu-item-87103 has-bd-r\" id=\"mega-menu-item-87103\"><a class=\"mega-menu-link\" href=\"https:\/\/help.tcbs.com.vn\/\" tabindex=\"0\" target=\"_blank\" rel=\"noopener\">H\u1ed7 tr\u1ee3<\/a><\/li><li class=\"mega-menu-item mega-wpml-ls-slot-58 mega-wpml-ls-item mega-wpml-ls-item-en mega-wpml-ls-current-language mega-wpml-ls-menu-item mega-wpml-ls-first-item mega-menu-item-type-wpml_ls_menu_item mega-menu-item-object-wpml_ls_menu_item mega-menu-item-has-children mega-menu-flyout mega-align-bottom-left mega-menu-flyout mega-menu-item-wpml-ls-58-en\" id=\"mega-menu-item-wpml-ls-58-en\"><a title=\"Switch to English\" class=\"mega-menu-link\" href=\"https:\/\/www.tcbs.com.vn\/en\/\" aria-expanded=\"false\" tabindex=\"0\">\n            <img decoding=\"async\"\n            class=\"wpml-ls-flag\"\n            src=\"https:\/\/www.tcbs.com.vn\/wp-content\/plugins\/sitepress-multilingual-cms\/res\/flags\/en.svg\"\n            alt=\"\"\n            \n            \n    \/><span class=\"wpml-ls-native\" lang=\"en\">English<\/span><span class=\"mega-indicator\" aria-hidden=\"true\"><\/span><\/a>\n<ul class=\"mega-sub-menu\">\n<li class=\"mega-menu-item mega-wpml-ls-slot-58 mega-wpml-ls-item mega-wpml-ls-item-vi mega-wpml-ls-menu-item mega-wpml-ls-last-item mega-menu-item-type-wpml_ls_menu_item mega-menu-item-object-wpml_ls_menu_item mega-menu-flyout mega-menu-item-wpml-ls-58-vi\" id=\"mega-menu-item-wpml-ls-58-vi\"><a title=\"Switch to Ti\u1ebfng Vi\u1ec7t\" class=\"mega-menu-link\" href=\"https:\/\/www.tcbs.com.vn\/\">\n            <img decoding=\"async\"\n            class=\"wpml-ls-flag\"\n            src=\"https:\/\/www.tcbs.com.vn\/wp-content\/plugins\/sitepress-multilingual-cms\/res\/flags\/vi.svg\"\n            alt=\"\"\n            \n            \n    \/><span class=\"wpml-ls-native\" lang=\"vi\">Ti\u1ebfng Vi\u1ec7t<\/span><\/a><\/li><\/ul>\n<\/li><\/ul><\/div><\/div>\n<\/div>\n\n\n\n<div class=\"wp-block-group tcbs-block has-global-padding is-layout-constrained wp-container-core-group-is-layout-c5903013 wp-block-group-is-layout-constrained\" style=\"padding-right:0px;padding-left:0px\"><div id=\"myOverlay\" class=\"overlay\">\n  <div id=\"overlay-content\" class=\"mega-menu-wrap\">\n    <!-- Content will be dynamically added here -->\n  <\/div>\n<\/div><\/div>\n<\/div>\n<\/div>\n<\/div>\n\n\n\n<div class=\"wp-block-group has-global-padding is-layout-constrained wp-container-core-group-is-layout-9e0a24c1 wp-block-group-is-layout-constrained\">\n<div class=\"wp-block-group has-global-padding is-layout-constrained wp-container-core-group-is-layout-9e0a24c1 wp-block-group-is-layout-constrained\">\n<div style=\"position: relative;box-shadow: 0 2px 8px 0 rgba(63,69,81,0.16); margin-top: 1.6em; margin-bottom: 0.9em; overflow: hidden; border-radius: 8px; will-change: transform;\"><div class=\"typeform-widget\" data-url=\"https:\/\/tcbs.typeform.com\/to\/V5xSaC\" style=\"width: 100%; height: 500px;\">&nbsp;<\/div>\n<script> (function() { var qs,js,q,s,d=document, gi=d.getElementById, ce=d.createElement, gt=d.getElementsByTagName, id=\"typef_orm\", b=\"https:\/\/embed.typeform.com\/\"; if(!gi.call(d,id)) { js=ce.call(d,\"script\"); js.id=id; js.src=b+\"embed.js\"; q=gt.call(d,\"script\")[0]; q.parentNode.insertBefore(js,q) } })() <\/script><\/div><\/div>\n<\/div>\n<\/div>\n","protected":false},"excerpt":{"rendered":"<p>&nbsp;<\/p>\n","protected":false},"author":1,"featured_media":0,"parent":89714,"menu_order":0,"comment_status":"closed","ping_status":"closed","template":"wp-custom-template-tcbs-home-1-2","meta":{"_acf_changed":false,"footnotes":""},"class_list":["post-98914","page","type-page","status-publish","hentry"],"acf":[],"featured_image_src":null,"_links":{"self":[{"href":"https:\/\/www.tcbs.com.vn\/en\/wp-json\/wp\/v2\/pages\/98914","targetHints":{"allow":["GET"]}}],"collection":[{"href":"https:\/\/www.tcbs.com.vn\/en\/wp-json\/wp\/v2\/pages"}],"about":[{"href":"https:\/\/www.tcbs.com.vn\/en\/wp-json\/wp\/v2\/types\/page"}],"author":[{"embeddable":true,"href":"https:\/\/www.tcbs.com.vn\/en\/wp-json\/wp\/v2\/users\/1"}],"replies":[{"embeddable":true,"href":"https:\/\/www.tcbs.com.vn\/en\/wp-json\/wp\/v2\/comments?post=98914"}],"version-history":[{"count":0,"href":"https:\/\/www.tcbs.com.vn\/en\/wp-json\/wp\/v2\/pages\/98914\/revisions"}],"up":[{"embeddable":true,"href":"https:\/\/www.tcbs.com.vn\/en\/wp-json\/wp\/v2\/pages\/89714"}],"wp:attachment":[{"href":"https:\/\/www.tcbs.com.vn\/en\/wp-json\/wp\/v2\/media?parent=98914"}],"curies":[{"name":"wp","href":"https:\/\/api.w.org\/{rel}","templated":true}]}}