{"id":98948,"date":"2025-04-02T13:20:23","date_gmt":"2025-04-02T06:20:23","guid":{"rendered":"https:\/\/stag-live.tcbs.com.vn\/about-us\/tin-tuc-bao-chi\/"},"modified":"2025-11-04T16:34:07","modified_gmt":"2025-11-04T09:34:07","slug":"news-press","status":"publish","type":"page","link":"https:\/\/www.tcbs.com.vn\/en\/about-us\/news-press\/","title":{"rendered":"News &amp; Press"},"content":{"rendered":"<div class=\"content-header-search\"><span class=\"content-search-title\"><\/span><div class=\"control-group-search\"><div class=\"input-text-wrapper\"><input class=\"field content-search-keywords\" id=\"search_keywords\" name=\"search-text\" placeholder=\"Type keywords to search\" title=\"search-text\" type=\"text\" value=\"\"><\/div><div class=\"search-time\"><select class=\"aui-field-select content-search-month\" id=\"search_month\" name=\"search-month\" title=\"search-month\"><option value=\"-1\">Month<\/option><option value=\"1\">01<\/option><option value=\"2\">02<\/option><option value=\"3\">03<\/option><option value=\"4\">04<\/option><option value=\"5\">05<\/option><option value=\"6\">06<\/option><option value=\"7\">07<\/option><option value=\"8\">08<\/option><option value=\"9\">09<\/option><option value=\"10\">10<\/option><option value=\"11\">11<\/option><option value=\"12\">12<\/option><\/select><select class=\"aui-field-select content-search-year\" id=\"search_year\" name=\"search-year\" title=\"search-year\"><option value=\"-1\">Year<\/option><option value=\"2026\">2026<\/option><option value=\"2025\">2025<\/option><option value=\"2024\">2024<\/option><option value=\"2023\">2023<\/option><option value=\"2022\">2022<\/option><option value=\"2021\">2021<\/option><option value=\"2020\">2020<\/option><option value=\"2019\">2019<\/option><option value=\"2018\">2018<\/option><option value=\"2017\">2017<\/option><option value=\"2016\">2016<\/option><option value=\"2015\">2015<\/option><\/select><\/div><\/div><\/div><div class=\"title-post-news\"><h6>Latest Posts<\/h6><\/div><input type=\"hidden\" id=\"ajax-url\" value=\"https:\/\/www.tcbs.com.vn\/wp-admin\/admin-ajax.php\"><input type=\"hidden\" id=\"ajax-category-slug\" value=\"\"><input type=\"hidden\" id=\"ajax-types\" value=\"news\"><input type=\"hidden\" id=\"ajax-filters\" value='[]'><div class=\"custom-post-list\"><div class=\"custom-post-item-news\"><h2><a href=\"https:\/\/www.tcbs.com.vn\/en\/news\/press-release\/tcbs-press-release-on-tcbss-business-results-for-q1-2026\/\">Press Release on TCBS\u2019s Business Results for Q1 2026<\/a><\/h2><div class=\"post-date\">15\/04\/2026<\/div><\/div><div class=\"custom-post-item-news\"><h2><a href=\"https:\/\/www.tcbs.com.vn\/en\/news\/press-release\/tcbs-strengthens-global-funding-lines-securing-nearly-half-a-billion-dollars\/\">TCBS strengthens global funding lines, securing nearly half a billion dollars<\/a><\/h2><div class=\"post-date\">13\/04\/2026<\/div><\/div><div class=\"custom-post-item-news\"><h2><a href=\"https:\/\/www.tcbs.com.vn\/en\/tin-tuc\/nope\/bond-interest-payment-schedule-for-january-2026-4\/\">Bond interest payment schedule for January 2026<\/a><\/h2><div class=\"post-date\">25\/03\/2026<\/div><\/div><div class=\"custom-post-item-news\"><h2><a href=\"https:\/\/www.tcbs.com.vn\/en\/news\/notice-from-tcbs\/announcement-of-public-bond-offering-of-techcom-securities-joint-stock-company\/\">Announcement of Public Bond Offering of Techcom Securities Joint Stock Company<\/a><\/h2><div class=\"post-date\">10\/03\/2026<\/div><\/div><div class=\"custom-post-item-news\"><h2><a href=\"https:\/\/www.tcbs.com.vn\/en\/tin-tuc\/nope\/bond-interest-payment-schedule-for-january-2026-3\/\">Bond interest payment schedule for January 2026<\/a><\/h2><div class=\"post-date\">26\/02\/2026<\/div><\/div><div class=\"custom-post-item-news\"><h2><a href=\"https:\/\/www.tcbs.com.vn\/en\/news\/notice-from-tcbs\/tcbs-announces-the-implementation-of-the-programtrade-bonds-get-instant-fee-rebates-with-iconnect-2\/\">TCBS Announces the Implementation of the Program\u201cTrade Bonds, Get Instant Fee Rebates with iConnect\u201d<\/a><\/h2><div class=\"post-date\">27\/01\/2026<\/div><\/div><div class=\"custom-post-item-news\"><h2><a href=\"https:\/\/www.tcbs.com.vn\/en\/news\/bond-payment-schedule\/bond-interest-payment-schedule-for-january-2026-2\/\">Bond interest payment schedule for January 2026<\/a><\/h2><div class=\"post-date\">27\/01\/2026<\/div><\/div><div class=\"custom-post-item-news\"><h2><a href=\"https:\/\/www.tcbs.com.vn\/en\/investor-relations\/margin-lending-portfolio\/thong-bao-thay-doi-lai-suat-vay-ky-quy-2\/\">Th\u00f4ng b\u00e1o thay \u0111\u1ed5i l\u00e3i su\u1ea5t vay k\u00fd qu\u1ef9<\/a><\/h2><div class=\"post-date\">23\/01\/2026<\/div><\/div><div class=\"custom-post-item-news\"><h2><a href=\"https:\/\/www.tcbs.com.vn\/en\/investor-relations\/for-investors\/thong-tin-ve-viec-ghi-nhan-tu-cach-nha-dau-tu-chung-khoan-chuyen-nghiep-nam-2026-2\/\">Th\u00f4ng tin v\u1ec1 vi\u1ec7c ghi nh\u1eadn t\u01b0 c\u00e1ch Nh\u00e0 \u0111\u1ea7u t\u01b0 ch\u1ee9ng kho\u00e1n chuy\u00ean nghi\u1ec7p n\u0103m 2026<\/a><\/h2><div class=\"post-date\">15\/01\/2026<\/div><\/div><div class=\"custom-post-item-news\"><h2><a href=\"https:\/\/www.tcbs.com.vn\/en\/investor-relations\/margin-lending-portfolio\/thong-bao-thay-doi-lai-suat-vay-ky-quy\/\">Th\u00f4ng b\u00e1o thay \u0111\u1ed5i l\u00e3i su\u1ea5t vay k\u00fd qu\u1ef9<\/a><\/h2><div class=\"post-date\">13\/01\/2026<\/div><\/div><script>var postsData = [{\"title\":\"Press Release on TCBS\\u2019s Business Results for Q1 2026\",\"url\":\"https:\\\/\\\/www.tcbs.com.vn\\\/en\\\/news\\\/press-release\\\/tcbs-press-release-on-tcbss-business-results-for-q1-2026\\\/\",\"date\":\"15\\\/04\\\/2026\",\"year\":\"2026\",\"month\":\"04\"},{\"title\":\"TCBS strengthens global funding lines, securing nearly half a billion dollars\",\"url\":\"https:\\\/\\\/www.tcbs.com.vn\\\/en\\\/news\\\/press-release\\\/tcbs-strengthens-global-funding-lines-securing-nearly-half-a-billion-dollars\\\/\",\"date\":\"13\\\/04\\\/2026\",\"year\":\"2026\",\"month\":\"04\"},{\"title\":\"Bond interest payment schedule for January 2026\",\"url\":\"https:\\\/\\\/www.tcbs.com.vn\\\/en\\\/tin-tuc\\\/nope\\\/bond-interest-payment-schedule-for-january-2026-4\\\/\",\"date\":\"25\\\/03\\\/2026\",\"year\":\"2026\",\"month\":\"03\"},{\"title\":\"Announcement of Public Bond Offering of Techcom Securities Joint Stock Company\",\"url\":\"https:\\\/\\\/www.tcbs.com.vn\\\/en\\\/news\\\/notice-from-tcbs\\\/announcement-of-public-bond-offering-of-techcom-securities-joint-stock-company\\\/\",\"date\":\"10\\\/03\\\/2026\",\"year\":\"2026\",\"month\":\"03\"},{\"title\":\"Bond interest payment schedule for January 2026\",\"url\":\"https:\\\/\\\/www.tcbs.com.vn\\\/en\\\/tin-tuc\\\/nope\\\/bond-interest-payment-schedule-for-january-2026-3\\\/\",\"date\":\"26\\\/02\\\/2026\",\"year\":\"2026\",\"month\":\"02\"},{\"title\":\"TCBS Announces the Implementation of the Program\\u201cTrade Bonds, Get Instant Fee Rebates with iConnect\\u201d\",\"url\":\"https:\\\/\\\/www.tcbs.com.vn\\\/en\\\/news\\\/notice-from-tcbs\\\/tcbs-announces-the-implementation-of-the-programtrade-bonds-get-instant-fee-rebates-with-iconnect-2\\\/\",\"date\":\"27\\\/01\\\/2026\",\"year\":\"2026\",\"month\":\"01\"},{\"title\":\"Bond interest payment schedule for January 2026\",\"url\":\"https:\\\/\\\/www.tcbs.com.vn\\\/en\\\/news\\\/bond-payment-schedule\\\/bond-interest-payment-schedule-for-january-2026-2\\\/\",\"date\":\"27\\\/01\\\/2026\",\"year\":\"2026\",\"month\":\"01\"},{\"title\":\"Th\\u00f4ng b\\u00e1o thay \\u0111\\u1ed5i l\\u00e3i su\\u1ea5t vay k\\u00fd qu\\u1ef9\",\"url\":\"https:\\\/\\\/www.tcbs.com.vn\\\/en\\\/investor-relations\\\/margin-lending-portfolio\\\/thong-bao-thay-doi-lai-suat-vay-ky-quy-2\\\/\",\"date\":\"23\\\/01\\\/2026\",\"year\":\"2026\",\"month\":\"01\"},{\"title\":\"Th\\u00f4ng tin v\\u1ec1 vi\\u1ec7c ghi nh\\u1eadn t\\u01b0 c\\u00e1ch Nh\\u00e0 \\u0111\\u1ea7u t\\u01b0 ch\\u1ee9ng kho\\u00e1n chuy\\u00ean nghi\\u1ec7p n\\u0103m 2026\",\"url\":\"https:\\\/\\\/www.tcbs.com.vn\\\/en\\\/investor-relations\\\/for-investors\\\/thong-tin-ve-viec-ghi-nhan-tu-cach-nha-dau-tu-chung-khoan-chuyen-nghiep-nam-2026-2\\\/\",\"date\":\"15\\\/01\\\/2026\",\"year\":\"2026\",\"month\":\"01\"},{\"title\":\"Th\\u00f4ng b\\u00e1o thay \\u0111\\u1ed5i l\\u00e3i su\\u1ea5t vay k\\u00fd qu\\u1ef9\",\"url\":\"https:\\\/\\\/www.tcbs.com.vn\\\/en\\\/investor-relations\\\/margin-lending-portfolio\\\/thong-bao-thay-doi-lai-suat-vay-ky-quy\\\/\",\"date\":\"13\\\/01\\\/2026\",\"year\":\"2026\",\"month\":\"01\"}];<\/script><\/div><div id=\"load-more\" data-page=\"1\" data-url=\"https:\/\/www.tcbs.com.vn\/wp-admin\/admin-ajax.php\" data-types=\"news\" data-category-slug=\"\" data-filters='' class=\"load-more\"><div class=\"load-more-text-news\">See more<\/div><i class=\"fa fa-angle-down\"><\/i><\/div>\n","protected":false},"excerpt":{"rendered":"","protected":false},"author":1,"featured_media":0,"parent":89287,"menu_order":0,"comment_status":"closed","ping_status":"closed","template":"wp-custom-template-tcbs-category-v-ch-ng-t-i","meta":{"_acf_changed":false,"footnotes":""},"class_list":["post-98948","page","type-page","status-publish","hentry"],"acf":[],"featured_image_src":null,"_links":{"self":[{"href":"https:\/\/www.tcbs.com.vn\/en\/wp-json\/wp\/v2\/pages\/98948","targetHints":{"allow":["GET"]}}],"collection":[{"href":"https:\/\/www.tcbs.com.vn\/en\/wp-json\/wp\/v2\/pages"}],"about":[{"href":"https:\/\/www.tcbs.com.vn\/en\/wp-json\/wp\/v2\/types\/page"}],"author":[{"embeddable":true,"href":"https:\/\/www.tcbs.com.vn\/en\/wp-json\/wp\/v2\/users\/1"}],"replies":[{"embeddable":true,"href":"https:\/\/www.tcbs.com.vn\/en\/wp-json\/wp\/v2\/comments?post=98948"}],"version-history":[{"count":2,"href":"https:\/\/www.tcbs.com.vn\/en\/wp-json\/wp\/v2\/pages\/98948\/revisions"}],"predecessor-version":[{"id":103307,"href":"https:\/\/www.tcbs.com.vn\/en\/wp-json\/wp\/v2\/pages\/98948\/revisions\/103307"}],"up":[{"embeddable":true,"href":"https:\/\/www.tcbs.com.vn\/en\/wp-json\/wp\/v2\/pages\/89287"}],"wp:attachment":[{"href":"https:\/\/www.tcbs.com.vn\/en\/wp-json\/wp\/v2\/media?parent=98948"}],"curies":[{"name":"wp","href":"https:\/\/api.w.org\/{rel}","templated":true}]}}